{"id":1311,"date":"2020-05-26T09:00:52","date_gmt":"2020-05-26T07:00:52","guid":{"rendered":"http:\/\/grabia.kbsolution.pl\/?page_id=1311"},"modified":"2020-06-05T12:41:26","modified_gmt":"2020-06-05T10:41:26","slug":"korzenie","status":"publish","type":"page","link":"http:\/\/planetagrabia.pl\/index.php\/korzenie\/","title":{"rendered":"KORZENIE"},"content":{"rendered":"<div class=\"ui-row row\">\n <div   class=\"ui-column span6\"><div class=\"auto-format ui--animation\"><p style=\"text-align: justify;\">Pami\u0119\u0107 i to\u017csamo\u015b\u0107 miejsca jest kluczowa dla poznania dziedzictwa miejsca. Dopiero poznanie zwi\u0105zk\u00f3w wydarze\u0144 i ludzi pozwala zrozumie\u0107 genius loci. Czasami nawet drzewa, jak ten d\u0105bek na cmentarzu w Drzewocinach, opowiadaj\u0105 swoj\u0105 histori\u0119. <\/p>\n<p>The memory and identity of the place is crucial for learning about the heritage of the place. It is only by knowing the conections between events and people that one can understand <em>genius loci<\/em>. Sometimes even trees, like this oak tree at the cemetery in Drzewociny, tell their story.<\/p>\n<p><\/p>\n<\/div><\/div> \n\n <div   class=\"ui-column span6\"><div class=\"ui--image-wrap clearfix text-center ui--block\"><img  id=\"ui--image-1\" class=\"ui--image ui--animation\" src=\"http:\/\/planetagrabia.pl\/wp-content\/uploads\/2020\/06\/korzenie.jpg\" alt=\"korzenie\" title=\"korzenie\" data-at2x=\"\"\/><\/div><\/div> \n\n<\/div> \n<div  class=\"ui--space clearfix\" data-responsive=\"{&quot;css&quot;:{&quot;height&quot;:{&quot;phone&quot;:null,&quot;tablet&quot;:null,&quot;widescreen&quot;:null}}}\"><\/div><div id=\"blog-1\" class=\"ui--blog ui--blog-wrapper ui--pass\" data-layout=\"grid\" data-columns=\"3\"><div class=\"ui-row row\">\n <div   class=\"ui-column span4\"><div  class=\"ui--content-box ui--box ui--content-item ui--animation ui-row\"><div class=\"ui--content-box-header\"><div class=\"ui--content-box-media effect--fade type--default clearfix\" style=\"padding-bottom: 56.25%;\"><a class=\"ui--content-box-link\" href=\"http:\/\/planetagrabia.pl\/index.php\/2021\/06\/19\/pawlowa-wiejski-cmentarzyk-w-dolinie-grabi\/\"><div class=\"ui--content-box-image-default\"><img  class=\"ui--content-box-image\" src=\"http:\/\/planetagrabia.pl\/wp-content\/uploads\/2021\/06\/DSC07683-683x1024-570x321.jpg\" alt=\"\" title=\"\"\/><\/div><div class=\"ui--content-box-overlay\"><div class=\"ui--content-box-overlay-background\"><\/div><div class=\"center\"><span class=\"btn btn-grey ui--center-vertical\"><span class=\"ui--content-box-overlay-button-text\">Wi\u0119cej Informacji...<\/span><\/span><\/div><\/div><\/a><\/div><a class=\"ui--content-box-link\" href=\"http:\/\/planetagrabia.pl\/index.php\/2021\/06\/19\/pawlowa-wiejski-cmentarzyk-w-dolinie-grabi\/\"><div class=\"ui--content-box-title ui--gradient ui--gradient-grey on--hover clearfix text-center\"><h5 class=\"ui--content-box-title-text\">Paw\u0142owa &#8211; wiejski cmentarzyk w dolinie Grabi<\/h5><\/div><\/a><\/div><div class=\"ui--content-box-content\"><div class=\"ui--content-box-content-text\"><p>Cmentarz w Paw\u0142owej znajduje si\u0119 na po\u0142udnie od g\u0142\u00f3wnej drogi biegn\u0105cej przez wie\u015b, w niewielkim zagajniku. Zachowa\u0142o si\u0119 na nim kilkadziesi\u0105t pozosta\u0142o\u015bci po nagrobkach, g\u0142\u00f3wnie omsza\u0142ych, bezimiennych ram grobowych. Najciekawsze dwa nagrobki maj\u0105 rzadko spotykan\u0105 form\u0119 p\u00f3\u0142okr\u0105g\u0142ej steli z \u201e\u0142uskowatym\u201d wyko\u0144czeniem. Wi\u0119kszo\u015b\u0107 nagrobk\u00f3w jest przewr\u00f3cona i niewielkim trudem mo\u017ce trafi\u0107 &#8230; <span class=\"more-link\"><a class=\"btn btn-mini btn-grey\" href=\"http:\/\/planetagrabia.pl\/index.php\/2021\/06\/19\/pawlowa-wiejski-cmentarzyk-w-dolinie-grabi\/\" title=\"\">Wi\u0119cej Informacji&#8230;<\/a><\/span><\/p>\n<\/div><\/div><\/div><\/div> \n\n <div   class=\"ui-column span4\"><div  class=\"ui--content-box ui--box ui--content-item ui--animation ui-row\"><div class=\"ui--content-box-header\"><div class=\"ui--content-box-media effect--fade type--default clearfix\" style=\"padding-bottom: 56.25%;\"><a class=\"ui--content-box-link\" href=\"http:\/\/planetagrabia.pl\/index.php\/2021\/01\/01\/zelowianie-i-pamiec\/\"><div class=\"ui--content-box-image-default\"><img  class=\"ui--content-box-image\" src=\"http:\/\/planetagrabia.pl\/wp-content\/uploads\/2021\/01\/123770207_169816111442694_8385523613857989757_o-1024x768-570x321.jpg\" alt=\"\" title=\"\"\/><\/div><div class=\"ui--content-box-overlay\"><div class=\"ui--content-box-overlay-background\"><\/div><div class=\"center\"><span class=\"btn btn-grey ui--center-vertical\"><span class=\"ui--content-box-overlay-button-text\">Wi\u0119cej Informacji...<\/span><\/span><\/div><\/div><\/a><\/div><a class=\"ui--content-box-link\" href=\"http:\/\/planetagrabia.pl\/index.php\/2021\/01\/01\/zelowianie-i-pamiec\/\"><div class=\"ui--content-box-title ui--gradient ui--gradient-grey on--hover clearfix text-center\"><h5 class=\"ui--content-box-title-text\">Zelowianie i pami\u0119\u0107<\/h5><\/div><\/a><\/div><div class=\"ui--content-box-content\"><div class=\"ui--content-box-content-text\"><p>W 2020 roku przeprowadzili\u015bmy wsp\u00f3lnie z gmin\u0105 Zel\u00f3w oraz Stowarzyszeniem Czech\u00f3w w RP projekt po\u015bwi\u0119cony przywracaniu pami\u0119ci po pierwszych osadnikach Po\u017cd\u017cenic. Zachowanie pami\u0119ci bez udzia\u0142u ludzi nie ma wi\u0119kszych szans na powodzenie. Rozumie to tak\u017ce magistrat, szko\u0142y i organizacje spo\u0142eczne gminy Zel\u00f3w. W naszej dzia\u0142alno\u015bci \u0142\u0105czymy PAMI\u0118\u0106 z TURYSTYK\u0104 i &#8230; <span class=\"more-link\"><a class=\"btn btn-mini btn-grey\" href=\"http:\/\/planetagrabia.pl\/index.php\/2021\/01\/01\/zelowianie-i-pamiec\/\" title=\"\">Wi\u0119cej Informacji&#8230;<\/a><\/span><\/p>\n<\/div><\/div><\/div><\/div> \n\n <div   class=\"ui-column span4\"><div  class=\"ui--content-box ui--box ui--content-item ui--animation ui-row\"><div class=\"ui--content-box-header\"><div class=\"ui--content-box-media effect--fade type--default clearfix\" style=\"padding-bottom: 56.25%;\"><a class=\"ui--content-box-link\" href=\"http:\/\/planetagrabia.pl\/index.php\/2021\/01\/01\/aleja-mieszkancow-chachuly-lipienca-erywangrodu-i-drzewocin\/\"><div class=\"ui--content-box-image-default\"><img  class=\"ui--content-box-image\" src=\"http:\/\/planetagrabia.pl\/wp-content\/uploads\/2021\/01\/20201229_141837-498x1024-570x321.jpg\" alt=\"\" title=\"\"\/><\/div><div class=\"ui--content-box-overlay\"><div class=\"ui--content-box-overlay-background\"><\/div><div class=\"center\"><span class=\"btn btn-grey ui--center-vertical\"><span class=\"ui--content-box-overlay-button-text\">Wi\u0119cej Informacji...<\/span><\/span><\/div><\/div><\/a><\/div><a class=\"ui--content-box-link\" href=\"http:\/\/planetagrabia.pl\/index.php\/2021\/01\/01\/aleja-mieszkancow-chachuly-lipienca-erywangrodu-i-drzewocin\/\"><div class=\"ui--content-box-title ui--gradient ui--gradient-grey on--hover clearfix text-center\"><h5 class=\"ui--content-box-title-text\">Aleja  mieszka\u0144c\u00f3w Chachu\u0142y, Lipie\u0144ca, Erywangrodu i Drzewocin<\/h5><\/div><\/a><\/div><div class=\"ui--content-box-content\"><div class=\"ui--content-box-content-text\"><p>Odpryskiem naszych dzia\u0142a\u0144 zwi\u0105zanych z Pami\u0119ci\u0105 jest tegoroczna Aleja Pami\u0119ci w Drzewocinach. Mimo wiadomych ogranicze\u0144 odmra\u017camy dalej pami\u0119\u0107 o wielokulturowo\u015bci doliny Grabi. Efektem by\u0142a nigdy nienotowana liczba zniczy w &#8222;zaduszkowym&#8221; tygodniu na cmentarzu pierwszych osadnik\u00f3w w Drzewocinach, kt\u00f3ra przekroczy\u0142a liczb\u0119 ponad 20. Czas poka\u017ce czy aleja b\u0119dzie znaczy\u0142a wi\u0119cej ni\u017c &#8230; <span class=\"more-link\"><a class=\"btn btn-mini btn-grey\" href=\"http:\/\/planetagrabia.pl\/index.php\/2021\/01\/01\/aleja-mieszkancow-chachuly-lipienca-erywangrodu-i-drzewocin\/\" title=\"\">Wi\u0119cej Informacji&#8230;<\/a><\/span><\/p>\n<\/div><\/div><\/div><\/div> \n\n<\/div> \n<div class=\"ui-row row\">\n <div   class=\"ui-column span4\"><div  class=\"ui--content-box ui--box ui--content-item ui--animation ui-row\"><div class=\"ui--content-box-header\"><div class=\"ui--content-box-media effect--fade type--default clearfix\" style=\"padding-bottom: 56.25%;\"><a class=\"ui--content-box-link\" href=\"http:\/\/planetagrabia.pl\/index.php\/2021\/01\/01\/razem-z-caritas-i-mieszkancami-przywracamy-pamiec-po-pierwszych-osadnikach-drzewocin\/\"><div class=\"ui--content-box-image-default\"><img  class=\"ui--content-box-image\" src=\"http:\/\/planetagrabia.pl\/wp-content\/uploads\/2021\/01\/dsc07171_optimized-1024x768-570x321.jpg\" alt=\"\" title=\"\"\/><\/div><div class=\"ui--content-box-overlay\"><div class=\"ui--content-box-overlay-background\"><\/div><div class=\"center\"><span class=\"btn btn-grey ui--center-vertical\"><span class=\"ui--content-box-overlay-button-text\">Wi\u0119cej Informacji...<\/span><\/span><\/div><\/div><\/a><\/div><a class=\"ui--content-box-link\" href=\"http:\/\/planetagrabia.pl\/index.php\/2021\/01\/01\/razem-z-caritas-i-mieszkancami-przywracamy-pamiec-po-pierwszych-osadnikach-drzewocin\/\"><div class=\"ui--content-box-title ui--gradient ui--gradient-grey on--hover clearfix text-center\"><h5 class=\"ui--content-box-title-text\">Razem z Caritas i mieszka\u0144cami przywracamy pami\u0119\u0107 po pierwszych osadnikach Drzewocin<\/h5><\/div><\/a><\/div><div class=\"ui--content-box-content\"><div class=\"ui--content-box-content-text\"><p>W tym roku odmra\u017cali\u015bmy PAMI\u0118\u0106 o mieszka\u0144cach Erywangrodu i Drzewocin dwukrotnie: 27 czerwca i 11 lipca.<br \/>\nMimo pandemii i niesprzyjaj\u0105cej pogody&nbsp; tych letnich weekend\u00f3w pojawi\u0142o si\u0119 na cmentarzu pierwszych osadnik\u00f3w oko\u0142o 30 os\u00f3b. Pomalowali\u015bmy ogrodzenie od czo\u0142a nekropolii, nowe zabezpieczenie w postaci dach\u00f3wki ceramicznej dosta\u0142y filary bramy cmentarza. Do jesieni zd\u0105\u017cyli\u015bmy &#8230; <span class=\"more-link\"><a class=\"btn btn-mini btn-grey\" href=\"http:\/\/planetagrabia.pl\/index.php\/2021\/01\/01\/razem-z-caritas-i-mieszkancami-przywracamy-pamiec-po-pierwszych-osadnikach-drzewocin\/\" title=\"\">Wi\u0119cej Informacji&#8230;<\/a><\/span><\/p>\n<\/div><\/div><\/div><\/div> \n\n <div   class=\"ui-column span4\"><div  class=\"ui--content-box ui--box ui--content-item ui--animation ui-row\"><div class=\"ui--content-box-header\"><div class=\"ui--content-box-media effect--fade type--default clearfix\" style=\"padding-bottom: 56.25%;\"><a class=\"ui--content-box-link\" href=\"http:\/\/planetagrabia.pl\/index.php\/2020\/06\/05\/razem-z-choragwia-lodzka-pamietamy-na-wolyniu\/\"><div class=\"ui--content-box-image-default\"><img  class=\"ui--content-box-image\" src=\"http:\/\/planetagrabia.pl\/wp-content\/uploads\/2020\/06\/Razem-z-Chor\u0105gwi\u0105-\u0141\u00f3dzk\u0105-pami\u0119tamy-na-Wo\u0142yniu-570x321.jpg\" alt=\"\" title=\"\"\/><\/div><div class=\"ui--content-box-overlay\"><div class=\"ui--content-box-overlay-background\"><\/div><div class=\"center\"><span class=\"btn btn-grey ui--center-vertical\"><span class=\"ui--content-box-overlay-button-text\">Wi\u0119cej Informacji...<\/span><\/span><\/div><\/div><\/a><\/div><a class=\"ui--content-box-link\" href=\"http:\/\/planetagrabia.pl\/index.php\/2020\/06\/05\/razem-z-choragwia-lodzka-pamietamy-na-wolyniu\/\"><div class=\"ui--content-box-title ui--gradient ui--gradient-grey on--hover clearfix text-center\"><h5 class=\"ui--content-box-title-text\">Razem z Chor\u0105gwi\u0105 \u0141\u00f3dzk\u0105 pami\u0119tamy na Wo\u0142yniu<\/h5><\/div><\/a><\/div><div class=\"ui--content-box-content\"><div class=\"ui--content-box-content-text\"><p>Dzi\u0119ki zbi\u00f3rce publicznej wsp\u00f3lnie z Chor\u0105gwi\u0105 \u0141\u00f3dzk\u0105 ZHP ze sprzeda\u017cy ksi\u0105\u017cki o Marsza\u0142ku JP zebrali\u015bmy (2017-2019) oko\u0142o tysi\u0105ca z\u0142otych na renowacj\u0119 kwater legionowych w Jab\u0142once Wielkiej i Kuklach na Wo\u0142yniu. Projekt uzyska\u0142 wsparcie z program\u00f3w opieki nad polskim dziedzictwem za granic\u0105 MKiDN RP<\/p>\n<\/div><\/div><\/div><\/div> \n\n <div   class=\"ui-column span4\"><div  class=\"ui--content-box ui--box ui--content-item ui--animation ui-row\"><div class=\"ui--content-box-header\"><div class=\"ui--content-box-media effect--fade type--default clearfix\" style=\"padding-bottom: 56.25%;\"><a class=\"ui--content-box-link\" href=\"http:\/\/planetagrabia.pl\/index.php\/2020\/06\/05\/odmrazamy-pamiec\/\"><div class=\"ui--content-box-image-default\"><img  class=\"ui--content-box-image\" src=\"http:\/\/planetagrabia.pl\/wp-content\/uploads\/2020\/06\/pawlowa1-570x321.jpg\" alt=\"\" title=\"\"\/><\/div><div class=\"ui--content-box-overlay\"><div class=\"ui--content-box-overlay-background\"><\/div><div class=\"center\"><span class=\"btn btn-grey ui--center-vertical\"><span class=\"ui--content-box-overlay-button-text\">Wi\u0119cej Informacji...<\/span><\/span><\/div><\/div><\/a><\/div><a class=\"ui--content-box-link\" href=\"http:\/\/planetagrabia.pl\/index.php\/2020\/06\/05\/odmrazamy-pamiec\/\"><div class=\"ui--content-box-title ui--gradient ui--gradient-grey on--hover clearfix text-center\"><h5 class=\"ui--content-box-title-text\">Odmra\u017camy pami\u0119\u0107 w Paw\u0142owej i Po\u017cd\u017cenicach<\/h5><\/div><\/a><\/div><div class=\"ui--content-box-content\"><div class=\"ui--content-box-content-text\"><p>Po lockdownie rozpoczynamy prace na dw\u00f3ch, nowych dla nas, nekropoliach w Paw\u0142owej i Po\u017cd\u017cenicach. Oba cmentarze s\u0105 miejscami spoczynku przynajmniej trzech wyzna\u0144 nale\u017c\u0105cych niegdy\u015b do jednej parafii w Po\u017cd\u017cenicach. Z inicjatywy Planety rozpoczynamy wraz z samorz\u0105dowcami z Zelowa, szko\u0142ami, organizacjami spo\u0142ecznymi, regionalistami i harcerzami akcj\u0119 \u201e\u015awieczka dla Brata\u201d. Wkr\u00f3tce &#8230; <span class=\"more-link\"><a class=\"btn btn-mini btn-grey\" href=\"http:\/\/planetagrabia.pl\/index.php\/2020\/06\/05\/odmrazamy-pamiec\/\" title=\"\">Wi\u0119cej Informacji&#8230;<\/a><\/span><\/p>\n<\/div><\/div><\/div><\/div> \n\n<\/div> \n<\/div>","protected":false},"excerpt":{"rendered":"<p>Pami\u0119\u0107 i to\u017csamo\u015b\u0107 miejsca jest kluczowa dla poznania dziedzictwa miejsca. Dopiero poznanie zwi\u0105zk\u00f3w wydarze\u0144 i ludzi pozwala zrozumie\u0107 genius loci. Czasami nawet drzewa, jak ten d\u0105bek na cmentarzu w Drzewocinach, opowiadaj\u0105 swoj\u0105 histori\u0119. The memory and identity of the place is crucial for learning about the heritage of the place. It is only by knowing [&hellip;]<\/p>\n","protected":false},"author":1,"featured_media":0,"parent":0,"menu_order":0,"comment_status":"closed","ping_status":"closed","template":"","meta":[],"_links":{"self":[{"href":"http:\/\/planetagrabia.pl\/index.php\/wp-json\/wp\/v2\/pages\/1311"}],"collection":[{"href":"http:\/\/planetagrabia.pl\/index.php\/wp-json\/wp\/v2\/pages"}],"about":[{"href":"http:\/\/planetagrabia.pl\/index.php\/wp-json\/wp\/v2\/types\/page"}],"author":[{"embeddable":true,"href":"http:\/\/planetagrabia.pl\/index.php\/wp-json\/wp\/v2\/users\/1"}],"replies":[{"embeddable":true,"href":"http:\/\/planetagrabia.pl\/index.php\/wp-json\/wp\/v2\/comments?post=1311"}],"version-history":[{"count":2,"href":"http:\/\/planetagrabia.pl\/index.php\/wp-json\/wp\/v2\/pages\/1311\/revisions"}],"predecessor-version":[{"id":1353,"href":"http:\/\/planetagrabia.pl\/index.php\/wp-json\/wp\/v2\/pages\/1311\/revisions\/1353"}],"wp:attachment":[{"href":"http:\/\/planetagrabia.pl\/index.php\/wp-json\/wp\/v2\/media?parent=1311"}],"curies":[{"name":"wp","href":"https:\/\/api.w.org\/{rel}","templated":true}]}}