{"id":1305,"date":"2020-05-26T08:59:04","date_gmt":"2020-05-26T06:59:04","guid":{"rendered":"http:\/\/grabia.kbsolution.pl\/?page_id=1305"},"modified":"2020-06-05T12:36:36","modified_gmt":"2020-06-05T10:36:36","slug":"edukatorium","status":"publish","type":"page","link":"http:\/\/planetagrabia.pl\/index.php\/edukatorium\/","title":{"rendered":"EDUKATORIUM"},"content":{"rendered":"<div class=\"ui-row row\">\n <div   class=\"ui-column span6\"><div class=\"auto-format ui--animation\"><p style=\"text-align: justify;\">Europejsk\u0105 warto\u015bci\u0105 jest r\u00f3\u017cnorodno\u015b\u0107 oraz wielokulturowo\u015b\u0107. Edukacja m\u0142odych powinna by\u0107 otwarta na wymian\u0119 z r\u00f3wie\u015bnikami z innych kraj\u00f3w i kultur. To\u017csamo\u015b\u0107 i bohaterowie Pograbia \u0142\u0105cz\u0105 to miejsce z Niemcami, Czechami, Litw\u0105, Holandi\u0105, Ukrain\u0105, W\u0119grami i Stanami Zjednoczonymi oraz Wielk\u0105 Brytani\u0105. Takie postacie jak Jan Jelinek, Alfons Parczewski czy prymas Jan \u0141aski i ojciec reformacji europejskiej Jan \u0141aski m\u0142odszy to wk\u0142ad w dziedzictwo europejskie Pograbia. To drogowskazy \u017cycia dla m\u0142odych.\n <\/p>\n<p>The European value is diversity and multiculturalism. Youth education should be open to exchanges with peers from other countries and cultures. Identity and the heroes of Pograbia connect this place with Germany, the Czech Republic, Lithuania, the Netherlands, Ukraine, Hungary and the United States as well as Great Britain. Such biographies as Jan Jelinek, Alfons Parczewski or the primate Jan \u0141aski and father of the European reformation Jan \u0141aski the younger are a contribution to the European heritage of Pograbia. These are life guideposts for young people.<\/p>\n<p>foto: jedyna latarnia, ocalona z miasta \u017cydowskiego w Lublinie. \u201eLampa Pami\u0119ci\u201d &#8211; Brama Grodzka Teatr MN. <\/p>\n<\/div><\/div> \n\n <div   class=\"ui-column span6\"><div class=\"ui--image-wrap clearfix text-center ui--block\"><img  id=\"ui--image-1\" class=\"ui--image ui--animation\" src=\"http:\/\/planetagrabia.pl\/wp-content\/uploads\/2020\/06\/DSC06707-rotated.jpg\" alt=\"DSC06707\" title=\"DSC06707\" data-at2x=\"\"\/><\/div><\/div> \n\n<\/div> \n<div  class=\"ui--space clearfix\" data-responsive=\"{&quot;css&quot;:{&quot;height&quot;:{&quot;phone&quot;:null,&quot;tablet&quot;:null,&quot;widescreen&quot;:null}}}\"><\/div><div id=\"blog-1\" class=\"ui--blog ui--blog-wrapper ui--pass\" data-layout=\"grid\" data-columns=\"3\"><div class=\"ui-row row\">\n <div   class=\"ui-column span4\"><div  class=\"ui--content-box ui--box ui--content-item ui--animation ui-row\"><div class=\"ui--content-box-header\"><div class=\"ui--content-box-media effect--fade type--default clearfix\" style=\"padding-bottom: 56.25%;\"><a class=\"ui--content-box-link\" href=\"http:\/\/planetagrabia.pl\/index.php\/2022\/11\/24\/kurs-na-dobrostan\/\"><div class=\"ui--content-box-image-default\"><img  class=\"ui--content-box-image\" src=\"http:\/\/planetagrabia.pl\/wp-content\/uploads\/2022\/11\/Kilimandzaro-1024x768-570x321.jpg\" alt=\"\" title=\"\"\/><\/div><div class=\"ui--content-box-overlay\"><div class=\"ui--content-box-overlay-background\"><\/div><div class=\"center\"><span class=\"btn btn-grey ui--center-vertical\"><span class=\"ui--content-box-overlay-button-text\">Wi\u0119cej Informacji...<\/span><\/span><\/div><\/div><\/a><\/div><a class=\"ui--content-box-link\" href=\"http:\/\/planetagrabia.pl\/index.php\/2022\/11\/24\/kurs-na-dobrostan\/\"><div class=\"ui--content-box-title ui--gradient ui--gradient-grey on--hover clearfix text-center\"><h5 class=\"ui--content-box-title-text\">Kurs na DOBROSTAN<\/h5><\/div><\/a><\/div><div class=\"ui--content-box-content\"><div class=\"ui--content-box-content-text\"><p>S\u0142owo D-O-B-R-O-S-T-A-N zrobi\u0142o ostatnio du\u017c\u0105 karier\u0119. Podj\u0119li\u015bmy i my kurs w tym kierunku, przechodz\u0105c odpowiednie szkolenie dla edukator\u00f3w senioralnych. Obejmowa\u0142o ono tematycznie 12 si\u0142 wspieraj\u0105cych odporno\u015b\u0107 psychiczn\u0105 wg Ricka Hansona tj.&nbsp; Wsp\u00f3\u0142czucie, Uwa\u017cno\u015b\u0107, Uczenie si\u0119, Si\u0142a charakteru, Wdzi\u0119czno\u015b\u0107, Wiara w siebie, Spok\u00f3j, Motywacja, Blisko\u015b\u0107, Odwaga, Aspiracja, Szczodro\u015b\u0107. Wszystkie te sk\u0142adowe &#8230; <span class=\"more-link\"><a class=\"btn btn-mini btn-grey\" href=\"http:\/\/planetagrabia.pl\/index.php\/2022\/11\/24\/kurs-na-dobrostan\/\" title=\"\">Wi\u0119cej Informacji&#8230;<\/a><\/span><\/p>\n<\/div><\/div><\/div><\/div> \n\n <div   class=\"ui-column span4\"><div  class=\"ui--content-box ui--box ui--content-item ui--animation ui-row\"><div class=\"ui--content-box-header\"><div class=\"ui--content-box-media effect--fade type--default clearfix\" style=\"padding-bottom: 56.25%;\"><a class=\"ui--content-box-link\" href=\"http:\/\/planetagrabia.pl\/index.php\/2021\/03\/05\/sciezki-pamieci-brama-grodzka-evz-berlin\/\"><div class=\"ui--content-box-image-default\"><img  class=\"ui--content-box-image\" src=\"http:\/\/planetagrabia.pl\/wp-content\/uploads\/2021\/03\/DSC06834-1024x768-570x321.jpg\" alt=\"\" title=\"\"\/><\/div><div class=\"ui--content-box-overlay\"><div class=\"ui--content-box-overlay-background\"><\/div><div class=\"center\"><span class=\"btn btn-grey ui--center-vertical\"><span class=\"ui--content-box-overlay-button-text\">Wi\u0119cej Informacji...<\/span><\/span><\/div><\/div><\/a><\/div><a class=\"ui--content-box-link\" href=\"http:\/\/planetagrabia.pl\/index.php\/2021\/03\/05\/sciezki-pamieci-brama-grodzka-evz-berlin\/\"><div class=\"ui--content-box-title ui--gradient ui--gradient-grey on--hover clearfix text-center\"><h5 class=\"ui--content-box-title-text\">\u015acie\u017ckami PAMI\u0118CI z Bram\u0105 Grodzk\u0105 i Fundacj\u0105 EVZ z Berlina<\/h5><\/div><\/a><\/div><div class=\"ui--content-box-content\"><div class=\"ui--content-box-content-text\"><p>Przez kilka dni czasu listopadowego 2019 roku uda\u0142o nam si\u0119 w Bramie Grodzkiej Teatrze NN w Lublinie uczestniczy\u0107 w spotkaniu ogrodnik\u00f3w Pami\u0119ci z ca\u0142ego \u015bwiata. Dzi\u0119ki teamowi Bramy i Teatru NN przekonali\u015bmy si\u0119 jak\u0105 moc ma s\u0142owo i muzyka, szczeg\u00f3lnie to kt\u00f3re spotyka si\u0119 na deskach TEATRU. Dzi\u0119ki innym OGRODNIKOM &#8230; <span class=\"more-link\"><a class=\"btn btn-mini btn-grey\" href=\"http:\/\/planetagrabia.pl\/index.php\/2021\/03\/05\/sciezki-pamieci-brama-grodzka-evz-berlin\/\" title=\"\">Wi\u0119cej Informacji&#8230;<\/a><\/span><\/p>\n<\/div><\/div><\/div><\/div> \n\n <div   class=\"ui-column span4\"><div  class=\"ui--content-box ui--box ui--content-item ui--animation ui-row\"><div class=\"ui--content-box-header\"><div class=\"ui--content-box-media effect--fade type--default clearfix\" style=\"padding-bottom: 56.25%;\"><a class=\"ui--content-box-link\" href=\"http:\/\/planetagrabia.pl\/index.php\/2020\/06\/05\/wspolpraca-w-trojkacie-z-niemcami-i-ukraina\/\"><div class=\"ui--content-box-image-default\"><img  class=\"ui--content-box-image\" src=\"http:\/\/planetagrabia.pl\/wp-content\/uploads\/2020\/06\/Triyou3-570x321.jpg\" alt=\"\" title=\"\"\/><\/div><div class=\"ui--content-box-overlay\"><div class=\"ui--content-box-overlay-background\"><\/div><div class=\"center\"><span class=\"btn btn-grey ui--center-vertical\"><span class=\"ui--content-box-overlay-button-text\">Wi\u0119cej Informacji...<\/span><\/span><\/div><\/div><\/a><\/div><a class=\"ui--content-box-link\" href=\"http:\/\/planetagrabia.pl\/index.php\/2020\/06\/05\/wspolpraca-w-trojkacie-z-niemcami-i-ukraina\/\"><div class=\"ui--content-box-title ui--gradient ui--gradient-grey on--hover clearfix text-center\"><h5 class=\"ui--content-box-title-text\">Wsp\u00f3\u0142praca w tr\u00f3jk\u0105cie z Niemcami i Ukrain\u0105<\/h5><\/div><\/a><\/div><div class=\"ui--content-box-content\"><div class=\"ui--content-box-content-text\"><p>Mi\u0119dzynarodowe spotkania m\u0142odzie\u017cy w czasach pandemii b\u0119d\u0105 musia\u0142y poczeka\u0107 i przenios\u0105 si\u0119 do sieci.  B\u0119d\u0105 one jedn\u0105 ze znacz\u0105cych form dzia\u0142alno\u015bci naszej organizacji, gdy\u017c s\u0105 najlepsz\u0105 form\u0105 edukacji na r\u00f3\u017cnych poziomach wiekowych.  Niedawno byli\u015bmy w Iwano-Frankowsku na seminarium TRIYOU w formacie PL-DE-UKR, gdzie powstawa\u0142y zal\u0105\u017cki tr\u00f3jstronnych projekt\u00f3w &#8230; <span class=\"more-link\"><a class=\"btn btn-mini btn-grey\" href=\"http:\/\/planetagrabia.pl\/index.php\/2020\/06\/05\/wspolpraca-w-trojkacie-z-niemcami-i-ukraina\/\" title=\"\">Wi\u0119cej Informacji&#8230;<\/a><\/span><\/p>\n<\/div><\/div><\/div><\/div> \n\n<\/div> \n<div class=\"ui-row row\">\n <div   class=\"ui-column span4\"><div  class=\"ui--content-box ui--box ui--content-item ui--animation ui-row\"><div class=\"ui--content-box-header\"><div class=\"ui--content-box-media effect--fade type--default clearfix\" style=\"padding-bottom: 56.25%;\"><a class=\"ui--content-box-link\" href=\"http:\/\/planetagrabia.pl\/index.php\/2020\/06\/05\/wymiana-mlodziezy-w-formacie-weimarskim\/\"><div class=\"ui--content-box-image-default\"><img  class=\"ui--content-box-image\" src=\"http:\/\/planetagrabia.pl\/wp-content\/uploads\/2020\/06\/DSC06931-1024x768-570x321.jpg\" alt=\"\" title=\"\"\/><\/div><div class=\"ui--content-box-overlay\"><div class=\"ui--content-box-overlay-background\"><\/div><div class=\"center\"><span class=\"btn btn-grey ui--center-vertical\"><span class=\"ui--content-box-overlay-button-text\">Wi\u0119cej Informacji...<\/span><\/span><\/div><\/div><\/a><\/div><a class=\"ui--content-box-link\" href=\"http:\/\/planetagrabia.pl\/index.php\/2020\/06\/05\/wymiana-mlodziezy-w-formacie-weimarskim\/\"><div class=\"ui--content-box-title ui--gradient ui--gradient-grey on--hover clearfix text-center\"><h5 class=\"ui--content-box-title-text\">Wymiana m\u0142odzie\u017cy w formacie weimarskim<\/h5><\/div><\/a><\/div><div class=\"ui--content-box-content\"><div class=\"ui--content-box-content-text\"><p>Wymiana m\u0142odzie\u017cy to najatrakcyjniejsza forma edukacji i rozwoju m\u0142odych generacji. Dlatego szkolimy si\u0119, by animowa\u0107 takie spotkania na Pograbiu. Ostatnio przygotowywali\u015bmy si\u0119 do wymiany m\u0142odzie\u017cy razem z edukatorami z Niemiec i Francji. Seminarium w Morawie w Fundacji \u015bw. Jadwigi \u015al\u0105skiej by\u0142o trzecim, po G\u00f6rlitz i Gra\u00e7ay<\/p>\n<p> &#8230; <span class=\"more-link\"><a class=\"btn btn-mini btn-grey\" href=\"http:\/\/planetagrabia.pl\/index.php\/2020\/06\/05\/wymiana-mlodziezy-w-formacie-weimarskim\/\" title=\"\">Wi\u0119cej Informacji&#8230;<\/a><\/span><\/p>\n<\/div><\/div><\/div><\/div> \n\n<\/div> \n<\/div>","protected":false},"excerpt":{"rendered":"<p>Europejsk\u0105 warto\u015bci\u0105 jest r\u00f3\u017cnorodno\u015b\u0107 oraz wielokulturowo\u015b\u0107. Edukacja m\u0142odych powinna by\u0107 otwarta na wymian\u0119 z r\u00f3wie\u015bnikami z innych kraj\u00f3w i kultur. To\u017csamo\u015b\u0107 i bohaterowie Pograbia \u0142\u0105cz\u0105 to miejsce z Niemcami, Czechami, Litw\u0105, Holandi\u0105, Ukrain\u0105, W\u0119grami i Stanami Zjednoczonymi oraz Wielk\u0105 Brytani\u0105. Takie postacie jak Jan Jelinek, Alfons Parczewski czy prymas Jan \u0141aski i ojciec reformacji europejskiej [&hellip;]<\/p>\n","protected":false},"author":1,"featured_media":0,"parent":0,"menu_order":0,"comment_status":"closed","ping_status":"closed","template":"","meta":[],"_links":{"self":[{"href":"http:\/\/planetagrabia.pl\/index.php\/wp-json\/wp\/v2\/pages\/1305"}],"collection":[{"href":"http:\/\/planetagrabia.pl\/index.php\/wp-json\/wp\/v2\/pages"}],"about":[{"href":"http:\/\/planetagrabia.pl\/index.php\/wp-json\/wp\/v2\/types\/page"}],"author":[{"embeddable":true,"href":"http:\/\/planetagrabia.pl\/index.php\/wp-json\/wp\/v2\/users\/1"}],"replies":[{"embeddable":true,"href":"http:\/\/planetagrabia.pl\/index.php\/wp-json\/wp\/v2\/comments?post=1305"}],"version-history":[{"count":1,"href":"http:\/\/planetagrabia.pl\/index.php\/wp-json\/wp\/v2\/pages\/1305\/revisions"}],"predecessor-version":[{"id":1306,"href":"http:\/\/planetagrabia.pl\/index.php\/wp-json\/wp\/v2\/pages\/1305\/revisions\/1306"}],"wp:attachment":[{"href":"http:\/\/planetagrabia.pl\/index.php\/wp-json\/wp\/v2\/media?parent=1305"}],"curies":[{"name":"wp","href":"https:\/\/api.w.org\/{rel}","templated":true}]}}