{"id":1303,"date":"2020-05-26T08:58:22","date_gmt":"2020-05-26T06:58:22","guid":{"rendered":"http:\/\/grabia.kbsolution.pl\/?page_id=1303"},"modified":"2020-06-05T12:36:38","modified_gmt":"2020-06-05T10:36:38","slug":"mosty-kultury","status":"publish","type":"page","link":"http:\/\/planetagrabia.pl\/index.php\/mosty-kultury\/","title":{"rendered":"MOSTY KULTURY"},"content":{"rendered":"<div class=\"ui-row row\">\n <div   class=\"ui-column span6\"><div class=\"auto-format ui--animation\"><p style=\"text-align: justify;\">\u017badna kultura nie jest jednolita. Wiele region\u00f3w na \u015bwiecie jest budowane przez potomk\u00f3w migrant\u00f3w, ekspatriant\u00f3w, czyli ludzi innej kultury czy wyznania w por\u00f3wnaniu z autochtonami. Od lat wszyscy budujemy mosty mi\u0119dzy naszymi kulturami, tworz\u0105c panoram\u0119 naszego dziedzictwa. Nie inaczej jest w Europie \u015arodkowej i Wschodniej. Wcze\u015bniej czy p\u00f3\u017aniej nasze spo\u0142eczno\u015bci stan\u0105 si\u0119 wielokulturowe. Pograbie to \u017cyj\u0105ce pogranicze, archipelag przenikaj\u0105cych si\u0119 kultur, religii i to\u017csamo\u015bci. Dawne zbory, jak ten w \u0141asku, to dzisiaj ko\u015bcio\u0142y. Dobrze, \u017ce przetrwa\u0142y niespokojne czasy <\/p>\n<p>No culture is uniform. Many regions in the world are built by descendants of migrants, expatriates, but also infidels in comparison with local people. For years, we&#8217;ve all been building bridges between our cultures, creating a panorama of our heritage. It is no different in Central and Eastern Europe. Sooner or later our communities will become multicultural. Pograbie (Grabia Valley) is a living borderland, an archipelago of interpenetrating cultures, religions and identities. Former evangelical church, like the one in Lask, are catolic churches today. It is good that they have survive turbulent times<\/p>\n<\/div><\/div> \n\n <div   class=\"ui-column span6\"><div class=\"ui--image-wrap clearfix text-center ui--block\"><img  id=\"ui--image-1\" class=\"ui--image ui--animation\" src=\"http:\/\/planetagrabia.pl\/wp-content\/uploads\/2020\/06\/DSC06676.jpg\" alt=\"DSC06676\" title=\"DSC06676\" data-at2x=\"\"\/><\/div><\/div> \n\n<\/div> \n<div  class=\"ui--space clearfix\" data-responsive=\"{&quot;css&quot;:{&quot;height&quot;:{&quot;phone&quot;:null,&quot;tablet&quot;:null,&quot;widescreen&quot;:null}}}\"><\/div><div id=\"blog-1\" class=\"ui--blog ui--blog-wrapper ui--pass\" data-layout=\"grid\" data-columns=\"3\"><div class=\"ui-row row\">\n <div   class=\"ui-column span4\"><div  class=\"ui--content-box ui--box ui--content-item ui--animation ui-row\"><div class=\"ui--content-box-header\"><div class=\"ui--content-box-media effect--fade type--default clearfix\" style=\"padding-bottom: 56.25%;\"><a class=\"ui--content-box-link\" href=\"http:\/\/planetagrabia.pl\/index.php\/2023\/01\/08\/nie-tylko-poliglota-alfons-parczewski-emil-krebs-geniusz-jezykowy-ze-slaska\/\"><div class=\"ui--content-box-image-default\"><img  class=\"ui--content-box-image\" src=\"http:\/\/planetagrabia.pl\/wp-content\/uploads\/2023\/01\/language-diplomacy-federal-foreign-office-emil-krebs_c2-570x321.jpg\" alt=\"\" title=\"\"\/><\/div><div class=\"ui--content-box-overlay\"><div class=\"ui--content-box-overlay-background\"><\/div><div class=\"center\"><span class=\"btn btn-grey ui--center-vertical\"><span class=\"ui--content-box-overlay-button-text\">Wi\u0119cej Informacji...<\/span><\/span><\/div><\/div><\/a><\/div><a class=\"ui--content-box-link\" href=\"http:\/\/planetagrabia.pl\/index.php\/2023\/01\/08\/nie-tylko-poliglota-alfons-parczewski-emil-krebs-geniusz-jezykowy-ze-slaska\/\"><div class=\"ui--content-box-title ui--gradient ui--gradient-grey on--hover clearfix text-center\"><h5 class=\"ui--content-box-title-text\">Nie tylko poliglota Alfons Parczewski: Emil Krebs &#8211; geniusz j\u0119zykowy ze \u015al\u0105ska<\/h5><\/div><\/a><\/div><div class=\"ui--content-box-content\"><div class=\"ui--content-box-content-text\"><p>Dzisiaj rozpoczynamy seri\u0119 publikacji o ludziach, kt\u00f3rzy, co prawda, nie urodzili si\u0119 na Pograbiu, ale swoimi talentami wybili si\u0119 ponad przeci\u0119tno\u015b\u0107 i przyczynili si\u0119 do budowania most\u00f3w mi\u0119dzy kulturami i narodami w Europie i \u015bwiecie.<\/p>\n<p>Emil Krebs, poliglota ze \u015al\u0105ska zajmowa\u0142 si\u0119 110 j\u0119zykami, a m\u00f3wi\u0142 68 z nich<\/p>\n<p>Najwa\u017cniejsze daty z &#8230; <span class=\"more-link\"><a class=\"btn btn-mini btn-grey\" href=\"http:\/\/planetagrabia.pl\/index.php\/2023\/01\/08\/nie-tylko-poliglota-alfons-parczewski-emil-krebs-geniusz-jezykowy-ze-slaska\/\" title=\"\">Wi\u0119cej Informacji&#8230;<\/a><\/span><\/p>\n<\/div><\/div><\/div><\/div> \n\n <div   class=\"ui-column span4\"><div  class=\"ui--content-box ui--box ui--content-item ui--animation ui-row\"><div class=\"ui--content-box-header\"><div class=\"ui--content-box-media effect--fade type--default clearfix\" style=\"padding-bottom: 56.25%;\"><a class=\"ui--content-box-link\" href=\"http:\/\/planetagrabia.pl\/index.php\/2021\/03\/04\/dwa-swiaty-janow-laskich\/\"><div class=\"ui--content-box-image-default\"><img  class=\"ui--content-box-image\" src=\"http:\/\/planetagrabia.pl\/wp-content\/uploads\/2021\/03\/Johannes_a_Lasco-570x321.jpg\" alt=\"\" title=\"\"\/><\/div><div class=\"ui--content-box-overlay\"><div class=\"ui--content-box-overlay-background\"><\/div><div class=\"center\"><span class=\"btn btn-grey ui--center-vertical\"><span class=\"ui--content-box-overlay-button-text\">Wi\u0119cej Informacji...<\/span><\/span><\/div><\/div><\/a><\/div><a class=\"ui--content-box-link\" href=\"http:\/\/planetagrabia.pl\/index.php\/2021\/03\/04\/dwa-swiaty-janow-laskich\/\"><div class=\"ui--content-box-title ui--gradient ui--gradient-grey on--hover clearfix text-center\"><h5 class=\"ui--content-box-title-text\">Dwa \u015bwiaty Jan\u00f3w \u0141askich<\/h5><\/div><\/a><\/div><div class=\"ui--content-box-content\"><div class=\"ui--content-box-content-text\"><p>\u0141ask w r\u00f3\u017cnych \u017ar\u00f3d\u0142ach wyst\u0119puje pod r\u00f3\u017cnymi nazwami: Lasko. Laszko. Lassko. W 1504 roku Aleksander Jagiello\u0144czyk nada\u0142 miastu dodatkowy przywilej targowy, kt\u00f3rym mog\u0142y si\u0119 cieszy\u0107 jedynie miasta kr\u00f3lewskie. Dzi\u0119ki temu, w XVI wieku \u0141ask prze\u017cywa\u0142 najwi\u0119kszy rozkwit rzemie\u015blniczo-handlowy. <\/p>\n<p>S\u0105 to czasy Jana \u0141askiego Starszego &#8211; prymasa Polski i arcybiskupa gnie\u017anie\u0144skiego, &#8230; <span class=\"more-link\"><a class=\"btn btn-mini btn-grey\" href=\"http:\/\/planetagrabia.pl\/index.php\/2021\/03\/04\/dwa-swiaty-janow-laskich\/\" title=\"\">Wi\u0119cej Informacji&#8230;<\/a><\/span><\/p>\n<\/div><\/div><\/div><\/div> \n\n <div   class=\"ui-column span4\"><div  class=\"ui--content-box ui--box ui--content-item ui--animation ui-row\"><div class=\"ui--content-box-header\"><div class=\"ui--content-box-media effect--fade type--default clearfix\" style=\"padding-bottom: 56.25%;\"><a class=\"ui--content-box-link\" href=\"http:\/\/planetagrabia.pl\/index.php\/2021\/03\/03\/widzacy-z-wodzierad-i-wilna\/\"><div class=\"ui--content-box-image-default\"><img  class=\"ui--content-box-image\" src=\"http:\/\/planetagrabia.pl\/wp-content\/uploads\/2021\/03\/alfons_parczewski_original-570x321.jpg\" alt=\"\" title=\"\"\/><\/div><div class=\"ui--content-box-overlay\"><div class=\"ui--content-box-overlay-background\"><\/div><div class=\"center\"><span class=\"btn btn-grey ui--center-vertical\"><span class=\"ui--content-box-overlay-button-text\">Wi\u0119cej Informacji...<\/span><\/span><\/div><\/div><\/a><\/div><a class=\"ui--content-box-link\" href=\"http:\/\/planetagrabia.pl\/index.php\/2021\/03\/03\/widzacy-z-wodzierad-i-wilna\/\"><div class=\"ui--content-box-title ui--gradient ui--gradient-grey on--hover clearfix text-center\"><h5 class=\"ui--content-box-title-text\">Widz\u0105cy z Wodzierad i\u2026 Wilna<\/h5><\/div><\/a><\/div><div class=\"ui--content-box-content\"><div class=\"ui--content-box-content-text\"><p>Wodzieradzki dw\u00f3r wybudowany przed 200 laty przez Bajer\u00f3w, przeszed\u0142 do rodu Widz\u0105cego, gdy ci weszli w koligacje z Parczewskimi. Pr\u00f3cz Widz\u0105cego dw\u00f3r w by\u0142 \u015bwiadkiem narodzin r\u00f3wnie\u017c jego siostry Melanii p\u00f3\u017aniejszej dzia\u0142aczki spo\u0142ecznej, kulturalnej i politycznej, pisarki i publicystki. Gniazdo Parczewskich to jednak Parczew pod Odolanowem. Stamt\u0105d r\u00f3d si\u0119 przenosi\u0142 &#8230; <span class=\"more-link\"><a class=\"btn btn-mini btn-grey\" href=\"http:\/\/planetagrabia.pl\/index.php\/2021\/03\/03\/widzacy-z-wodzierad-i-wilna\/\" title=\"\">Wi\u0119cej Informacji&#8230;<\/a><\/span><\/p>\n<\/div><\/div><\/div><\/div> \n\n<\/div> \n<div class=\"ui-row row\">\n <div   class=\"ui-column span4\"><div  class=\"ui--content-box ui--box ui--content-item ui--animation ui-row\"><div class=\"ui--content-box-header\"><div class=\"ui--content-box-media effect--fade type--default clearfix\" style=\"padding-bottom: 56.25%;\"><a class=\"ui--content-box-link\" href=\"http:\/\/planetagrabia.pl\/index.php\/2020\/06\/05\/sprawiedliwy-z-zelowa\/\"><div class=\"ui--content-box-image-default\"><img  class=\"ui--content-box-image\" src=\"http:\/\/planetagrabia.pl\/wp-content\/uploads\/2020\/06\/PPLK-570x321.jpg\" alt=\"\" title=\"\"\/><\/div><div class=\"ui--content-box-overlay\"><div class=\"ui--content-box-overlay-background\"><\/div><div class=\"center\"><span class=\"btn btn-grey ui--center-vertical\"><span class=\"ui--content-box-overlay-button-text\">Wi\u0119cej Informacji...<\/span><\/span><\/div><\/div><\/a><\/div><a class=\"ui--content-box-link\" href=\"http:\/\/planetagrabia.pl\/index.php\/2020\/06\/05\/sprawiedliwy-z-zelowa\/\"><div class=\"ui--content-box-title ui--gradient ui--gradient-grey on--hover clearfix text-center\"><h5 class=\"ui--content-box-title-text\">SPRAWIEDLIWY banita z Zelowa<\/h5><\/div><\/a><\/div><div class=\"ui--content-box-content\"><div class=\"ui--content-box-content-text\"><p>Jan Jelinek to niezaprzeczalny bohater Zelowa, cz\u0142owiek wielkiego humanizmu, autorytet moralny, opozycjonista, wi\u0119zie\u0144 komunistycznego re\u017cimu. To posta\u0107, kt\u00f3ra stanowi dziedzictwo miasteczka, bohater jego nowo\u017cytnych dziej\u00f3w, ale przez niekt\u00f3rych w mie\u015bcie nad Pilsi\u0105, traktowany jako osoba kontrowersyjna. Urodzi\u0142 si\u0119 19 kwietnia 1912 roku w Zelowie i wychowywa\u0142 w spo\u0142eczno\u015bci czeskiej, syn &#8230; <span class=\"more-link\"><a class=\"btn btn-mini btn-grey\" href=\"http:\/\/planetagrabia.pl\/index.php\/2020\/06\/05\/sprawiedliwy-z-zelowa\/\" title=\"\">Wi\u0119cej Informacji&#8230;<\/a><\/span><\/p>\n<\/div><\/div><\/div><\/div> \n\n<\/div> \n<\/div>","protected":false},"excerpt":{"rendered":"<p>\u017badna kultura nie jest jednolita. Wiele region\u00f3w na \u015bwiecie jest budowane przez potomk\u00f3w migrant\u00f3w, ekspatriant\u00f3w, czyli ludzi innej kultury czy wyznania w por\u00f3wnaniu z autochtonami. Od lat wszyscy budujemy mosty mi\u0119dzy naszymi kulturami, tworz\u0105c panoram\u0119 naszego dziedzictwa. Nie inaczej jest w Europie \u015arodkowej i Wschodniej. Wcze\u015bniej czy p\u00f3\u017aniej nasze spo\u0142eczno\u015bci stan\u0105 si\u0119 wielokulturowe. Pograbie to [&hellip;]<\/p>\n","protected":false},"author":1,"featured_media":0,"parent":0,"menu_order":0,"comment_status":"closed","ping_status":"closed","template":"","meta":[],"_links":{"self":[{"href":"http:\/\/planetagrabia.pl\/index.php\/wp-json\/wp\/v2\/pages\/1303"}],"collection":[{"href":"http:\/\/planetagrabia.pl\/index.php\/wp-json\/wp\/v2\/pages"}],"about":[{"href":"http:\/\/planetagrabia.pl\/index.php\/wp-json\/wp\/v2\/types\/page"}],"author":[{"embeddable":true,"href":"http:\/\/planetagrabia.pl\/index.php\/wp-json\/wp\/v2\/users\/1"}],"replies":[{"embeddable":true,"href":"http:\/\/planetagrabia.pl\/index.php\/wp-json\/wp\/v2\/comments?post=1303"}],"version-history":[{"count":1,"href":"http:\/\/planetagrabia.pl\/index.php\/wp-json\/wp\/v2\/pages\/1303\/revisions"}],"predecessor-version":[{"id":1304,"href":"http:\/\/planetagrabia.pl\/index.php\/wp-json\/wp\/v2\/pages\/1303\/revisions\/1304"}],"wp:attachment":[{"href":"http:\/\/planetagrabia.pl\/index.php\/wp-json\/wp\/v2\/media?parent=1303"}],"curies":[{"name":"wp","href":"https:\/\/api.w.org\/{rel}","templated":true}]}}